{"id":62,"date":"2023-04-25T06:30:06","date_gmt":"2023-04-25T06:30:06","guid":{"rendered":"https:\/\/baom.at\/?page_id=62"},"modified":"2023-04-25T06:47:04","modified_gmt":"2023-04-25T06:47:04","slug":"home-security","status":"publish","type":"page","link":"https:\/\/baom.at\/?page_id=62","title":{"rendered":"Home Security"},"content":{"rendered":"\n<p style=\"font-size:35px\">Home Security<\/p>\n\n\n\n<p>Haus sichern? 5 Gr\u00fcnde f\u00fcr ein Sicherheitssystem<\/p>\n\n\n\n<p>Vielleicht wurde in Ihr Haus eingebrochen? Auch k\u00f6nnten Sie Menschen kennen, deren Wertgegenst\u00e4nde aus ihren Wohnungen gestohlen wurden? Oder Sie wollen sich nur f\u00fcr die Zukunft sch\u00fctzen?<\/p>\n\n\n\n<p>Heutzutage gibt es immer mehr M\u00f6glichkeiten, sein Zuhause zu sichern. Dar\u00fcber hinaus sehen wir, dass viele \u00d6sterreicher von einer traditionellen Art der Haussicherheit, zB. durch einen Hund, zu einem digitalen Sicherungssystem wechseln. Grund daf\u00fcr ist, dass Menschen durch die Arbeit immer seltener zu Hause sind.<\/p>\n\n\n\n<p>! So schnell kanns passieren !<\/p>\n\n\n\n<p>Dank eines vollen Terminkalenders vergisst jeder manchmal, das K\u00fcchenfenster zu schlie\u00dfen oder beispielsweise die Hintert\u00fcr richtig abzuschlie\u00dfen. Es wird immer Situationen geben, in denen sich Kinder bis Erwachsene nicht erinnern k\u00f6nnen, ob sie das Fenster im Wohnzimmer abgeschlossen haben oder nicht.<\/p>\n\n\n\n<p>Dies ist der ideale Zeitpunkt f\u00fcr Einbrecher, um zuzuschlagen. Sie k\u00f6nnen Ihr Zuhause jetzt innerhalb von Sekunden betreten und haben direkten Zugriff auf all Ihre wertvollen Gegenst\u00e4nde.<\/p>\n\n\n\n<p>Gr\u00fcnde, um Ihr Zuhause zu digital abzusichern:<\/p>\n\n\n\n<p>1. Die Sicherung Ihres Zuhauses wirkt vorsorglich<\/p>\n\n\n\n<p>Manchmal muss etwas Unangenehmes passieren, bevor Menschen tats\u00e4chlich etwas unternehmen. Gerade bei Einbr\u00fcchen ist es sehr wichtig, dass man vorsorglich arbeitet.<\/p>\n\n\n\n<p>Sicherheitsanlagen zur Absicherung eines Hauses verf\u00fcgen heutzutage oft \u00fcber Innen- und Au\u00dfenkameras. Diese Systeme werden bei vielen Menschen immer beliebter, da dies viele Einbrecher abschreckt. Denken Sie nur an ein solches Produkt wie die intelligente T\u00fcrklingel. Das muss noch nicht einmal funktionsf\u00e4hig sein, denn oft reicht schon die eingebaute Kamera, um Einbrecher fernzuhalten.<\/p>\n\n\n\n<p>2. Heimsicherheitssysteme werden immer effektiver<\/p>\n\n\n\n<p>In den letzten Jahren ist die Technik im Bereich Haussicherheitssysteme sicherlich nicht stehen geblieben. Innovative Entwicklungen machen diese Technologie zunehmend auch f\u00fcr Privatpersonen zug\u00e4nglich.<\/p>\n\n\n\n<p>Man kann sich vorstellen, dass Sensortechnik immer g\u00fcnstiger wird und diese Art der Haussicherheit f\u00fcr einen gr\u00f6\u00dferen Personenkreis erschwinglich wird.<\/p>\n\n\n\n<p>3. Die Sicherung eines Eigenheims wird preiswertiger und sicherer<\/p>\n\n\n\n<p>Da sich die Technologie weiterentwickelt, r\u00fcckt der \u00dcbergang zu einem Heimsicherheitssystem f\u00fcr viele Menschen immer n\u00e4her. Damit sind derartige Systeme nicht mehr nur f\u00fcr die Oberklasse erh\u00e4ltlich, sondern werden auch f\u00fcr die breite Masse bezahlbar. Dar\u00fcber hinaus sind Sie auch gegen Hackerangriffe und \u00dcberwachungen au\u00dferhalb der eigenen Familie gesch\u00fctzt, weil wir darauf gro\u00dfen Wert legen, das Sicherheitslevel ihrer WLAN-Verbindungen auf die h\u00f6chste Stufe zu bringen.<\/p>\n\n\n\n<p>4. Familien haben neue Sorgen<\/p>\n\n\n\n<p>Dar\u00fcber hinaus sehen wir, dass die Bewohner sich daf\u00fcr entscheiden, die Sicherheit ihres Hauses zu verbessern, da immer weniger Menschen im selben Haus leben. Dies geschieht zum Beispiel, nachdem alle Kinder erwachsen und aus dem Haus gegangen sind. Dies gilt auch f\u00fcr Rentner. Eine gute Alternative, um Rentner nicht gleich ins Altersheim stecken zu m\u00fcssen, ist es, Sie immer online beobachten zu k\u00f6nnen, ohne Ihnen das Gef\u00fchl von \u00dcberwachung zu geben.<\/p>\n\n\n\n<p>5. Ein gro\u00dfer Bonus f\u00fcr Viehbauern!<\/p>\n\n\n\n<p>Sie k\u00f6nnen ihren Stall mit Kameras (mit Nachtsichtmodus) ausstatten, um immer Kontakt mit ihren Tieren zu halten. Zum Beispiel: Eine Kuh ist kurz vorm k\u00e4lbern und sie m\u00fcssen jederzeit bereit sein, im Stall zu sein, ob Tag oder Nacht. Wenn Sie auf der Arbeit oder im Schlaf sind, ben\u00f6tigen Sie nur ein paar Klicke und Sie k\u00f6nnen ihr Tier live begutachten auf ihrem Smartphone.<\/p>\n","protected":false},"excerpt":{"rendered":"<p>Home Security Haus sichern? 5 Gr\u00fcnde f\u00fcr ein Sicherheitssystem Vielleicht wurde in Ihr Haus eingebrochen? Auch k\u00f6nnten Sie Menschen kennen, deren Wertgegenst\u00e4nde aus ihren Wohnungen gestohlen wurden? Oder Sie wollen sich nur f\u00fcr die Zukunft sch\u00fctzen? Heutzutage gibt es immer mehr M\u00f6glichkeiten, sein Zuhause zu sichern. Dar\u00fcber hinaus sehen wir, dass viele \u00d6sterreicher von einer [&hellip;]<\/p>\n","protected":false},"author":1,"featured_media":0,"parent":0,"menu_order":0,"comment_status":"closed","ping_status":"closed","template":"","meta":{"footnotes":""},"class_list":["post-62","page","type-page","status-publish","hentry"],"_links":{"self":[{"href":"https:\/\/baom.at\/index.php?rest_route=\/wp\/v2\/pages\/62","targetHints":{"allow":["GET"]}}],"collection":[{"href":"https:\/\/baom.at\/index.php?rest_route=\/wp\/v2\/pages"}],"about":[{"href":"https:\/\/baom.at\/index.php?rest_route=\/wp\/v2\/types\/page"}],"author":[{"embeddable":true,"href":"https:\/\/baom.at\/index.php?rest_route=\/wp\/v2\/users\/1"}],"replies":[{"embeddable":true,"href":"https:\/\/baom.at\/index.php?rest_route=%2Fwp%2Fv2%2Fcomments&post=62"}],"version-history":[{"count":4,"href":"https:\/\/baom.at\/index.php?rest_route=\/wp\/v2\/pages\/62\/revisions"}],"predecessor-version":[{"id":70,"href":"https:\/\/baom.at\/index.php?rest_route=\/wp\/v2\/pages\/62\/revisions\/70"}],"wp:attachment":[{"href":"https:\/\/baom.at\/index.php?rest_route=%2Fwp%2Fv2%2Fmedia&parent=62"}],"curies":[{"name":"wp","href":"https:\/\/api.w.org\/{rel}","templated":true}]}}