{"id":99,"date":"2023-04-25T08:27:55","date_gmt":"2023-04-25T08:27:55","guid":{"rendered":"https:\/\/baom.at\/?page_id=99"},"modified":"2023-05-10T05:44:51","modified_gmt":"2023-05-10T05:44:51","slug":"computer-reparatur","status":"publish","type":"page","link":"https:\/\/baom.at\/?page_id=99","title":{"rendered":"Computer-Reparatur"},"content":{"rendered":"\n<p style=\"font-size:35px\">Computer-Reparatur<\/p>\n\n\n\n<p>Baom ist spezialisiert auf die Reparatur von PCs, Notebooks und Laptops. Ob Hardwarefehler, verursacht durch Verschmutzung und \u00dcberhitzung, oder Softwareprobleme wegen veralteter Teile oder Virenbefall &#8211; aufgrund langj\u00e4hriger Erfahrung k\u00f6nnen wir Ihnen einen fachkundigen Service und eine rasche Fehlerbehebung bieten.<\/p>\n\n\n\n<p>Ihr Ger\u00e4t wird immer langsamer und lauter? Sie haben unerkl\u00e4rliche Systemabst\u00fcrze oder Ger\u00e4te lassen sich nicht verbinden? Sie brauchen neue Komponenten, wie eine gr\u00f6\u00dfere Festplatte oder besseren Arbeitsspeicher?<\/p>\n\n\n\n<p>Das k\u00f6nnen wir f\u00fcr Sie tun:<\/p>\n\n\n\n<p>\u2022&nbsp;&nbsp;&nbsp;&nbsp;&nbsp;&nbsp;&nbsp;&nbsp;&nbsp;&nbsp;&nbsp;&nbsp; defekte Teile lokalisieren und austauschen<\/p>\n\n\n\n<p>\u2022&nbsp;&nbsp;&nbsp;&nbsp;&nbsp;&nbsp;&nbsp;&nbsp;&nbsp;&nbsp;&nbsp;&nbsp; Leistung steigern durch bessere Komponenten<\/p>\n\n\n\n<p>\u2022&nbsp;&nbsp;&nbsp;&nbsp;&nbsp;&nbsp;&nbsp;&nbsp;&nbsp;&nbsp;&nbsp;&nbsp; Daten sichern und auf andere Speicher \u00fcberspielen<\/p>\n\n\n\n<p>\u2022&nbsp;&nbsp;&nbsp;&nbsp;&nbsp;&nbsp;&nbsp;&nbsp;&nbsp;&nbsp;&nbsp;&nbsp; Ger\u00e4te professionell reinigen und so eventuell thermische Probleme l\u00f6sen<\/p>\n\n\n\n<p>\u2022&nbsp;&nbsp;&nbsp;&nbsp;&nbsp;&nbsp;&nbsp;&nbsp;&nbsp;&nbsp;&nbsp;&nbsp; Virenbefall beseitigen und vorbeugen<\/p>\n\n\n\n<div class=\"wp-block-buttons is-layout-flex wp-block-buttons-is-layout-flex\">\n<div class=\"wp-block-button\"><a class=\"wp-block-button__link wp-element-button\" href=\"https:\/\/baom.at\/wp-content\/uploads\/2023\/05\/Supremo.exe\">Online Hilfe<\/a><\/div>\n<\/div>\n","protected":false},"excerpt":{"rendered":"<p>Computer-Reparatur Baom ist spezialisiert auf die Reparatur von PCs, Notebooks und Laptops. Ob Hardwarefehler, verursacht durch Verschmutzung und \u00dcberhitzung, oder Softwareprobleme wegen veralteter Teile oder Virenbefall &#8211; aufgrund langj\u00e4hriger Erfahrung k\u00f6nnen wir Ihnen einen fachkundigen Service und eine rasche Fehlerbehebung bieten. Ihr Ger\u00e4t wird immer langsamer und lauter? Sie haben unerkl\u00e4rliche Systemabst\u00fcrze oder Ger\u00e4te lassen [&hellip;]<\/p>\n","protected":false},"author":1,"featured_media":0,"parent":0,"menu_order":0,"comment_status":"closed","ping_status":"closed","template":"","meta":{"footnotes":""},"class_list":["post-99","page","type-page","status-publish","hentry"],"_links":{"self":[{"href":"https:\/\/baom.at\/index.php?rest_route=\/wp\/v2\/pages\/99","targetHints":{"allow":["GET"]}}],"collection":[{"href":"https:\/\/baom.at\/index.php?rest_route=\/wp\/v2\/pages"}],"about":[{"href":"https:\/\/baom.at\/index.php?rest_route=\/wp\/v2\/types\/page"}],"author":[{"embeddable":true,"href":"https:\/\/baom.at\/index.php?rest_route=\/wp\/v2\/users\/1"}],"replies":[{"embeddable":true,"href":"https:\/\/baom.at\/index.php?rest_route=%2Fwp%2Fv2%2Fcomments&post=99"}],"version-history":[{"count":10,"href":"https:\/\/baom.at\/index.php?rest_route=\/wp\/v2\/pages\/99\/revisions"}],"predecessor-version":[{"id":119,"href":"https:\/\/baom.at\/index.php?rest_route=\/wp\/v2\/pages\/99\/revisions\/119"}],"wp:attachment":[{"href":"https:\/\/baom.at\/index.php?rest_route=%2Fwp%2Fv2%2Fmedia&parent=99"}],"curies":[{"name":"wp","href":"https:\/\/api.w.org\/{rel}","templated":true}]}}